{"id":2,"date":"2025-02-19T09:36:46","date_gmt":"2025-02-19T09:36:46","guid":{"rendered":"https:\/\/kreativ-kod.se\/?page_id=2"},"modified":"2025-05-05T13:59:13","modified_gmt":"2025-05-05T13:59:13","slug":"sample-page","status":"publish","type":"page","link":"https:\/\/person32.kreativ-kod.se\/","title":{"rendered":""},"content":{"rendered":"<style>.wp-block-kadence-advancedheading.kt-adv-heading2_2bffc8-30, .wp-block-kadence-advancedheading.kt-adv-heading2_2bffc8-30[data-kb-block=\"kb-adv-heading2_2bffc8-30\"]{margin-top:var(--global-kb-spacing-sm, 1.5rem);margin-bottom:var(--global-kb-spacing-sm, 1.5rem);text-align:center;font-size:var(--global-kb-font-size-xxl, 4rem);line-height:1.1em;font-style:normal;text-transform:capitalize;color:var(--global-palette3, #1A202C);}.wp-block-kadence-advancedheading.kt-adv-heading2_2bffc8-30 mark.kt-highlight, .wp-block-kadence-advancedheading.kt-adv-heading2_2bffc8-30[data-kb-block=\"kb-adv-heading2_2bffc8-30\"] mark.kt-highlight{font-style:normal;color:#f76a0c;-webkit-box-decoration-break:clone;box-decoration-break:clone;padding-top:0px;padding-right:0px;padding-bottom:0px;padding-left:0px;}@media all and (max-width: 1024px){.wp-block-kadence-advancedheading.kt-adv-heading2_2bffc8-30, .wp-block-kadence-advancedheading.kt-adv-heading2_2bffc8-30[data-kb-block=\"kb-adv-heading2_2bffc8-30\"]{padding-top:0px;padding-right:0px;padding-bottom:0px;padding-left:0px;font-size:60px;line-height:1em;text-align:left!important;}}@media all and (max-width: 767px){.wp-block-kadence-advancedheading.kt-adv-heading2_2bffc8-30, .wp-block-kadence-advancedheading.kt-adv-heading2_2bffc8-30[data-kb-block=\"kb-adv-heading2_2bffc8-30\"]{font-size:var(--global-kb-font-size-xl, 3rem);line-height:1.2em;text-align:left!important;}}<\/style>\n<h2 class=\"kt-adv-heading2_2bffc8-30 wp-block-kadence-advancedheading has-theme-palette-3-color has-text-color\" data-kb-block=\"kb-adv-heading2_2bffc8-30\">    <em>MerakiN\u00e9a<\/em><\/h2>\n\n\n<style>.wp-block-kadence-advancedheading.kt-adv-heading2_158e04-b1, .wp-block-kadence-advancedheading.kt-adv-heading2_158e04-b1[data-kb-block=\"kb-adv-heading2_158e04-b1\"]{text-align:center;font-style:normal;color:var(--global-palette3, #1A202C);}.wp-block-kadence-advancedheading.kt-adv-heading2_158e04-b1 mark.kt-highlight, .wp-block-kadence-advancedheading.kt-adv-heading2_158e04-b1[data-kb-block=\"kb-adv-heading2_158e04-b1\"] mark.kt-highlight{font-style:normal;color:#f76a0c;-webkit-box-decoration-break:clone;box-decoration-break:clone;padding-top:0px;padding-right:0px;padding-bottom:0px;padding-left:0px;}<\/style>\n<p class=\"kt-adv-heading2_158e04-b1 wp-block-kadence-advancedheading has-theme-palette-3-color has-text-color\" data-kb-block=\"kb-adv-heading2_158e04-b1\">             Vi p\u00e5 MerakiN\u00e9a tror att balans och v\u00e4lm\u00e5ende b\u00f6rjar inifr\u00e5n, d\u00e4rf\u00f6r har vi olika typer av Yoga f\u00f6r att passa olika personer och hum\u00f6r. Det spelar ingen roll om du \u00e4r nyb\u00f6rjare, eller rutinerad, man, kvinna eller n\u00e5got annat, hos oss \u00e4r alla v\u00e4lkomna och vi ser framemot att f\u00e5 g\u00f6ra din Yoga upplevelse till den b\u00e4sta m\u00f6jliga!<\/p>\n\n\n\n<p class=\"has-text-align-center\">                           \u00c4r det f\u00f6rsta g\u00e5ngen du testar p\u00e5 Yoga kan du l\u00e4sa mer om de olika Yoga kurserna vi erbjuder, f\u00f6r att se vad som skulle passa dig b\u00e4st, eller s\u00e5 \u00e4r du varmt v\u00e4lkommen att h\u00f6ra av dig till oss med eventuella fr\u00e5gor!<\/p>\n\n\n\n<div class=\"wp-block-buttons is-content-justification-center is-layout-flex wp-container-core-buttons-is-layout-a89b3969 wp-block-buttons-is-layout-flex\">\n<div class=\"wp-block-button\"><a class=\"wp-block-button__link wp-element-button\" href=\"https:\/\/person32.kreativ-kod.se\/index.php\/kontakt\/\">Kontakta Oss!<\/a><\/div>\n<\/div>\n\n\n<style>.wp-block-kadence-spacer.kt-block-spacer-2_a430e9-e0 .kt-block-spacer{height:126px;}.wp-block-kadence-spacer.kt-block-spacer-2_a430e9-e0 .kt-divider{border-top-width:1px;height:1px;border-top-color:#eee;width:80%;border-top-style:solid;}<\/style>\n<div class=\"wp-block-kadence-spacer aligncenter kt-block-spacer-2_a430e9-e0\"><div class=\"kt-block-spacer kt-block-spacer-halign-center\"><hr class=\"kt-divider\"\/><\/div><\/div>\n\n\n\n<div class=\"wp-block-media-text has-media-on-the-right is-stacked-on-mobile\" style=\"grid-template-columns:auto 46%\"><div class=\"wp-block-media-text__content\">\n<h2 class=\"wp-block-heading\">Online kurser<\/h2>\n\n\n\n<p><strong>Vi p\u00e5 MerakiN\u00e9a &#8211; Yogastudio<\/strong> har f\u00e5tt \u00f6nskem\u00e5l om att b\u00f6rja med Onlinekurser och efter lite diskuterande och smygb\u00f6rjande av planering s\u00e5 \u00e4r det n\u00e5got vi tror skulle funka riktigt bra! F\u00f6r det vi vill uppn\u00e5 \u00e4r Yoga som passar f\u00f6r alla, och vad vore inte d\u00e5 perfekt om Online yoga, som passar personer som kanske inte av olika anledningar kan \u00e5ka iv\u00e4g f\u00f6r att g\u00e5 p\u00e5 kurser. V\u00e5r tanke \u00e4r att ha b\u00e5de live kurser online och kurser online kan man kolla p\u00e5 i efterhand, f\u00f6r att man enkelt ska kunna ta del av v\u00e5ra yoga kurser n\u00e4r och vart som helst. <\/p>\n\n\n\n<p>F\u00f6r att veta om detta skulle vara ett vinnande koncept beh\u00f6ver vi f\u00e5 veta hur h\u00f6gt intresset och efterfr\u00e5gan \u00e4r. S\u00e5 skulle du vara intresserad av att testa v\u00e5ra onlinekurser s\u00e5 fyll g\u00e4rna i v\u00e5r blanket! Ingenting \u00e4r bindande utan bara f\u00f6r att vi se om intresset finns! Tack, med v\u00e4nliga h\u00e4lsningar vi p\u00e5 MerakiN\u00e9a &#8211; Yogastudio<\/p>\n<\/div><figure class=\"wp-block-media-text__media\"><img fetchpriority=\"high\" decoding=\"async\" width=\"612\" height=\"344\" src=\"https:\/\/person32.kreativ-kod.se\/wp-content\/uploads\/2025\/05\/istockphoto-1198298294-612x612-1.jpg\" alt=\"\" class=\"wp-image-385 size-full\" srcset=\"https:\/\/person32.kreativ-kod.se\/wp-content\/uploads\/2025\/05\/istockphoto-1198298294-612x612-1.jpg 612w, https:\/\/person32.kreativ-kod.se\/wp-content\/uploads\/2025\/05\/istockphoto-1198298294-612x612-1-300x169.jpg 300w\" sizes=\"(max-width: 612px) 100vw, 612px\" \/><\/figure><\/div>\n\n\n\n<div class=\"wp-block-buttons is-layout-flex wp-block-buttons-is-layout-flex\">\n<div class=\"wp-block-button\"><a class=\"wp-block-button__link wp-element-button\" href=\"https:\/\/forms.gle\/XsuAdQEX1PQzVdUs8\">Anm\u00e4l Intresse h\u00e4r!<\/a><\/div>\n<\/div>\n\n\n<style>.wp-block-kadence-spacer.kt-block-spacer-2_81732c-a9 .kt-block-spacer{height:133px;}.wp-block-kadence-spacer.kt-block-spacer-2_81732c-a9 .kt-divider{border-top-width:1px;height:1px;border-top-color:#eee;width:80%;border-top-style:solid;}<\/style>\n<div class=\"wp-block-kadence-spacer aligncenter kt-block-spacer-2_81732c-a9\"><div class=\"kt-block-spacer kt-block-spacer-halign-center\"><hr class=\"kt-divider\"\/><\/div><\/div>\n\n\n\n<h2 class=\"wp-block-heading has-text-align-center\"><strong><em>F\u00f6lj Oss p\u00e5 Instagram<\/em><\/strong><\/h2>\n\n\n\n<ul class=\"wp-block-social-links has-huge-icon-size is-style-logos-only is-content-justification-center is-layout-flex wp-container-core-social-links-is-layout-a89b3969 wp-block-social-links-is-layout-flex\"><li class=\"wp-social-link wp-social-link-instagram  wp-block-social-link\"><a href=\"https:\/\/www.instagram.com\/\" class=\"wp-block-social-link-anchor\"><svg width=\"24\" height=\"24\" viewBox=\"0 0 24 24\" version=\"1.1\" xmlns=\"http:\/\/www.w3.org\/2000\/svg\" aria-hidden=\"true\" focusable=\"false\"><path d=\"M12,4.622c2.403,0,2.688,0.009,3.637,0.052c0.877,0.04,1.354,0.187,1.671,0.31c0.42,0.163,0.72,0.358,1.035,0.673 c0.315,0.315,0.51,0.615,0.673,1.035c0.123,0.317,0.27,0.794,0.31,1.671c0.043,0.949,0.052,1.234,0.052,3.637 s-0.009,2.688-0.052,3.637c-0.04,0.877-0.187,1.354-0.31,1.671c-0.163,0.42-0.358,0.72-0.673,1.035 c-0.315,0.315-0.615,0.51-1.035,0.673c-0.317,0.123-0.794,0.27-1.671,0.31c-0.949,0.043-1.233,0.052-3.637,0.052 s-2.688-0.009-3.637-0.052c-0.877-0.04-1.354-0.187-1.671-0.31c-0.42-0.163-0.72-0.358-1.035-0.673 c-0.315-0.315-0.51-0.615-0.673-1.035c-0.123-0.317-0.27-0.794-0.31-1.671C4.631,14.688,4.622,14.403,4.622,12 s0.009-2.688,0.052-3.637c0.04-0.877,0.187-1.354,0.31-1.671c0.163-0.42,0.358-0.72,0.673-1.035 c0.315-0.315,0.615-0.51,1.035-0.673c0.317-0.123,0.794-0.27,1.671-0.31C9.312,4.631,9.597,4.622,12,4.622 M12,3 C9.556,3,9.249,3.01,8.289,3.054C7.331,3.098,6.677,3.25,6.105,3.472C5.513,3.702,5.011,4.01,4.511,4.511 c-0.5,0.5-0.808,1.002-1.038,1.594C3.25,6.677,3.098,7.331,3.054,8.289C3.01,9.249,3,9.556,3,12c0,2.444,0.01,2.751,0.054,3.711 c0.044,0.958,0.196,1.612,0.418,2.185c0.23,0.592,0.538,1.094,1.038,1.594c0.5,0.5,1.002,0.808,1.594,1.038 c0.572,0.222,1.227,0.375,2.185,0.418C9.249,20.99,9.556,21,12,21s2.751-0.01,3.711-0.054c0.958-0.044,1.612-0.196,2.185-0.418 c0.592-0.23,1.094-0.538,1.594-1.038c0.5-0.5,0.808-1.002,1.038-1.594c0.222-0.572,0.375-1.227,0.418-2.185 C20.99,14.751,21,14.444,21,12s-0.01-2.751-0.054-3.711c-0.044-0.958-0.196-1.612-0.418-2.185c-0.23-0.592-0.538-1.094-1.038-1.594 c-0.5-0.5-1.002-0.808-1.594-1.038c-0.572-0.222-1.227-0.375-2.185-0.418C14.751,3.01,14.444,3,12,3L12,3z M12,7.378 c-2.552,0-4.622,2.069-4.622,4.622S9.448,16.622,12,16.622s4.622-2.069,4.622-4.622S14.552,7.378,12,7.378z M12,15 c-1.657,0-3-1.343-3-3s1.343-3,3-3s3,1.343,3,3S13.657,15,12,15z M16.804,6.116c-0.596,0-1.08,0.484-1.08,1.08 s0.484,1.08,1.08,1.08c0.596,0,1.08-0.484,1.08-1.08S17.401,6.116,16.804,6.116z\"><\/path><\/svg><span class=\"wp-block-social-link-label screen-reader-text\">Instagram<\/span><\/a><\/li><\/ul>\n\n\n\n<div class=\"wp-block-group is-layout-grid wp-container-core-group-is-layout-478b6e6b wp-block-group-is-layout-grid\"><style>.kb-image2_a7be6c-cf .kb-image-has-overlay:after{opacity:0.3;}<\/style>\n<figure class=\"wp-block-kadence-image kb-image2_a7be6c-cf size-large\"><img decoding=\"async\" width=\"1414\" height=\"1414\" src=\"https:\/\/person32.kreativ-kod.se\/wp-content\/uploads\/2025\/05\/Namnlos-design-1-1-edited.png\" alt=\"\" class=\"kb-img wp-image-392\" srcset=\"https:\/\/person32.kreativ-kod.se\/wp-content\/uploads\/2025\/05\/Namnlos-design-1-1-edited.png 1414w, https:\/\/person32.kreativ-kod.se\/wp-content\/uploads\/2025\/05\/Namnlos-design-1-1-edited-300x300.png 300w, https:\/\/person32.kreativ-kod.se\/wp-content\/uploads\/2025\/05\/Namnlos-design-1-1-edited-1024x1024.png 1024w, https:\/\/person32.kreativ-kod.se\/wp-content\/uploads\/2025\/05\/Namnlos-design-1-1-edited-150x150.png 150w\" sizes=\"(max-width: 1414px) 100vw, 1414px\" \/><\/figure>\n\n\n<style>.kb-image2_48785e-9d .kb-image-has-overlay:after{opacity:0.3;}<\/style>\n<figure class=\"wp-block-kadence-image kb-image2_48785e-9d size-full\"><img decoding=\"async\" width=\"417\" height=\"417\" src=\"https:\/\/person32.kreativ-kod.se\/wp-content\/uploads\/2025\/05\/YogaBild-1-edited.avif\" alt=\"\" class=\"kb-img wp-image-391\" srcset=\"https:\/\/person32.kreativ-kod.se\/wp-content\/uploads\/2025\/05\/YogaBild-1-edited.avif 417w, https:\/\/person32.kreativ-kod.se\/wp-content\/uploads\/2025\/05\/YogaBild-1-edited-300x300.avif 300w, https:\/\/person32.kreativ-kod.se\/wp-content\/uploads\/2025\/05\/YogaBild-1-edited-150x150.avif 150w\" sizes=\"(max-width: 417px) 100vw, 417px\" \/><\/figure>\n\n\n<style>.kb-image2_a30b69-a9 .kb-image-has-overlay:after{opacity:0.3;}<\/style>\n<figure class=\"wp-block-kadence-image kb-image2_a30b69-a9 size-large\"><img loading=\"lazy\" decoding=\"async\" width=\"1703\" height=\"1703\" src=\"https:\/\/person32.kreativ-kod.se\/wp-content\/uploads\/2025\/05\/YogaPreggo-edited.jpg\" alt=\"\" class=\"kb-img wp-image-393\" srcset=\"https:\/\/person32.kreativ-kod.se\/wp-content\/uploads\/2025\/05\/YogaPreggo-edited.jpg 1703w, https:\/\/person32.kreativ-kod.se\/wp-content\/uploads\/2025\/05\/YogaPreggo-edited-300x300.jpg 300w, https:\/\/person32.kreativ-kod.se\/wp-content\/uploads\/2025\/05\/YogaPreggo-edited-1024x1024.jpg 1024w, https:\/\/person32.kreativ-kod.se\/wp-content\/uploads\/2025\/05\/YogaPreggo-edited-150x150.jpg 150w\" sizes=\"(max-width: 1703px) 100vw, 1703px\" \/><\/figure>\n\n\n<style>.kb-image2_86d067-f8 .kb-image-has-overlay:after{opacity:0.3;}<\/style>\n<figure class=\"wp-block-kadence-image kb-image2_86d067-f8 size-full\"><img loading=\"lazy\" decoding=\"async\" width=\"942\" height=\"942\" src=\"https:\/\/person32.kreativ-kod.se\/wp-content\/uploads\/2025\/04\/Namnlos-design-edited-1.png\" alt=\"\" class=\"kb-img wp-image-298\" srcset=\"https:\/\/person32.kreativ-kod.se\/wp-content\/uploads\/2025\/04\/Namnlos-design-edited-1.png 942w, https:\/\/person32.kreativ-kod.se\/wp-content\/uploads\/2025\/04\/Namnlos-design-edited-1-300x300.png 300w, https:\/\/person32.kreativ-kod.se\/wp-content\/uploads\/2025\/04\/Namnlos-design-edited-1-150x150.png 150w\" sizes=\"(max-width: 942px) 100vw, 942px\" \/><\/figure>\n\n\n<style>.kb-image2_9be567-20 .kb-image-has-overlay:after{opacity:0.3;}<\/style>\n<figure class=\"wp-block-kadence-image kb-image2_9be567-20 size-large\"><img loading=\"lazy\" decoding=\"async\" width=\"1199\" height=\"1200\" src=\"https:\/\/person32.kreativ-kod.se\/wp-content\/uploads\/2025\/05\/cropped-Namnlos-design-3-edited.png\" alt=\"\" class=\"kb-img wp-image-394\" srcset=\"https:\/\/person32.kreativ-kod.se\/wp-content\/uploads\/2025\/05\/cropped-Namnlos-design-3-edited.png 1199w, https:\/\/person32.kreativ-kod.se\/wp-content\/uploads\/2025\/05\/cropped-Namnlos-design-3-edited-300x300.png 300w, https:\/\/person32.kreativ-kod.se\/wp-content\/uploads\/2025\/05\/cropped-Namnlos-design-3-edited-1024x1024.png 1024w, https:\/\/person32.kreativ-kod.se\/wp-content\/uploads\/2025\/05\/cropped-Namnlos-design-3-edited-150x150.png 150w\" sizes=\"(max-width: 1199px) 100vw, 1199px\" \/><\/figure>\n<\/div>\n\n\n\n<p><\/p>\n","protected":false},"excerpt":{"rendered":"<p>MerakiN\u00e9a Vi p\u00e5 MerakiN\u00e9a tror att balans och v\u00e4lm\u00e5ende b\u00f6rjar inifr\u00e5n, d\u00e4rf\u00f6r har vi olika typer av Yoga f\u00f6r att passa olika personer och hum\u00f6r. Det spelar ingen roll om du \u00e4r nyb\u00f6rjare, eller rutinerad, man, kvinna eller n\u00e5got annat, hos oss \u00e4r alla v\u00e4lkomna och vi ser framemot att f\u00e5 g\u00f6ra din Yoga upplevelse till den b\u00e4sta m\u00f6jliga! \u00c4r det f\u00f6rsta g\u00e5ngen du testar p\u00e5 Yoga kan du l\u00e4sa mer om de olika Yoga kurserna vi erbjuder, f\u00f6r att se vad som skulle passa dig b\u00e4st, eller s\u00e5 \u00e4r du varmt v\u00e4lkommen att h\u00f6ra av dig till oss med eventuella fr\u00e5gor! Online kurser Vi p\u00e5 MerakiN\u00e9a &#8211; Yogastudio har f\u00e5tt \u00f6nskem\u00e5l om att b\u00f6rja med Onlinekurser och efter lite diskuterande och smygb\u00f6rjande av planering s\u00e5 \u00e4r det n\u00e5got vi tror skulle funka riktigt bra! F\u00f6r det vi vill uppn\u00e5 \u00e4r Yoga som passar f\u00f6r alla, och vad vore inte d\u00e5 perfekt om Online yoga, som passar personer som kanske inte av olika anledningar kan \u00e5ka iv\u00e4g f\u00f6r att g\u00e5 p\u00e5 kurser. V\u00e5r tanke \u00e4r att ha b\u00e5de live kurser online och kurser online kan man kolla p\u00e5 i efterhand, f\u00f6r att man enkelt ska kunna ta del av v\u00e5ra yoga kurser n\u00e4r och vart som helst. F\u00f6r att veta om detta skulle vara ett vinnande koncept beh\u00f6ver vi f\u00e5 veta hur h\u00f6gt intresset och efterfr\u00e5gan \u00e4r. S\u00e5 skulle du vara intresserad av att testa v\u00e5ra onlinekurser s\u00e5 fyll g\u00e4rna i v\u00e5r blanket! Ingenting \u00e4r bindande utan bara f\u00f6r att vi se om intresset finns! Tack, med v\u00e4nliga h\u00e4lsningar vi p\u00e5 MerakiN\u00e9a &#8211; Yogastudio F\u00f6lj Oss p\u00e5 Instagram<\/p>\n","protected":false},"author":3,"featured_media":121,"parent":0,"menu_order":0,"comment_status":"closed","ping_status":"closed","template":"","meta":{"footnotes":""},"class_list":["post-2","page","type-page","status-publish","has-post-thumbnail","hentry"],"_links":{"self":[{"href":"https:\/\/person32.kreativ-kod.se\/index.php\/wp-json\/wp\/v2\/pages\/2","targetHints":{"allow":["GET"]}}],"collection":[{"href":"https:\/\/person32.kreativ-kod.se\/index.php\/wp-json\/wp\/v2\/pages"}],"about":[{"href":"https:\/\/person32.kreativ-kod.se\/index.php\/wp-json\/wp\/v2\/types\/page"}],"author":[{"embeddable":true,"href":"https:\/\/person32.kreativ-kod.se\/index.php\/wp-json\/wp\/v2\/users\/3"}],"replies":[{"embeddable":true,"href":"https:\/\/person32.kreativ-kod.se\/index.php\/wp-json\/wp\/v2\/comments?post=2"}],"version-history":[{"count":114,"href":"https:\/\/person32.kreativ-kod.se\/index.php\/wp-json\/wp\/v2\/pages\/2\/revisions"}],"predecessor-version":[{"id":415,"href":"https:\/\/person32.kreativ-kod.se\/index.php\/wp-json\/wp\/v2\/pages\/2\/revisions\/415"}],"wp:featuredmedia":[{"embeddable":true,"href":"https:\/\/person32.kreativ-kod.se\/index.php\/wp-json\/wp\/v2\/media\/121"}],"wp:attachment":[{"href":"https:\/\/person32.kreativ-kod.se\/index.php\/wp-json\/wp\/v2\/media?parent=2"}],"curies":[{"name":"wp","href":"https:\/\/api.w.org\/{rel}","templated":true}]}}